{"id":9703,"date":"2023-05-31T09:29:52","date_gmt":"2023-05-31T09:29:52","guid":{"rendered":"https:\/\/barbillonenergy.com\/fr\/?post_type=product&#038;p=9703"},"modified":"2023-05-31T09:29:52","modified_gmt":"2023-05-31T09:29:52","slug":"inverseurs","status":"publish","type":"product","link":"https:\/\/barbillonenergy.com\/fr\/product\/inverseurs\/","title":{"rendered":"Inverseurs"},"content":{"rendered":"","protected":false},"excerpt":{"rendered":"<p><span style=\"font-weight: 400;\">Rang de conversion DC\/AC, AC\/DC, DC\/DC, avec fr\u00e9quence de 400Hz<\/span><\/p>\n<p><span style=\"font-weight: 400;\">La grande tol\u00e9rance de tension est ce qui donne \u00e0 nos inverseurs une compatibilit\u00e9 avec plusieurs tensions d\u2019entr\u00e9e, ils sont donc compatibles avec plusieurs types de syst\u00e8mes, comme le photovolta\u00efque, les t\u00e9l\u00e9communications, l\u2019automatisation industrielle, et les applications d\u2019\u00e9nergie de secours. <\/span><\/p>\n<p><br style=\"font-weight: 400;\" \/><br style=\"font-weight: 400;\" \/><\/p>\n","protected":false},"featured_media":9704,"template":"","meta":[],"product_cat":[57],"product_tag":[],"_links":{"self":[{"href":"https:\/\/barbillonenergy.com\/fr\/wp-json\/wp\/v2\/product\/9703"}],"collection":[{"href":"https:\/\/barbillonenergy.com\/fr\/wp-json\/wp\/v2\/product"}],"about":[{"href":"https:\/\/barbillonenergy.com\/fr\/wp-json\/wp\/v2\/types\/product"}],"wp:featuredmedia":[{"embeddable":true,"href":"https:\/\/barbillonenergy.com\/fr\/wp-json\/wp\/v2\/media\/9704"}],"wp:attachment":[{"href":"https:\/\/barbillonenergy.com\/fr\/wp-json\/wp\/v2\/media?parent=9703"}],"wp:term":[{"taxonomy":"product_cat","embeddable":true,"href":"https:\/\/barbillonenergy.com\/fr\/wp-json\/wp\/v2\/product_cat?post=9703"},{"taxonomy":"product_tag","embeddable":true,"href":"https:\/\/barbillonenergy.com\/fr\/wp-json\/wp\/v2\/product_tag?post=9703"}],"curies":[{"name":"wp","href":"https:\/\/api.w.org\/{rel}","templated":true}]}}