{"id":9701,"date":"2023-05-31T09:29:17","date_gmt":"2023-05-31T09:29:17","guid":{"rendered":"https:\/\/barbillonenergy.com\/fr\/?post_type=product&#038;p=9701"},"modified":"2023-05-31T09:29:17","modified_gmt":"2023-05-31T09:29:17","slug":"ups","status":"publish","type":"product","link":"https:\/\/barbillonenergy.com\/fr\/product\/ups\/","title":{"rendered":"UPS"},"content":{"rendered":"","protected":false},"excerpt":{"rendered":"<p><span style=\"font-weight: 400;\">Les UPS fournissent une \u00e9nergie d\u2019urgence quand la source principale d\u2019alimentation ne fonctionne pas.\u00a0<\/span><\/p>\n<p><span style=\"font-weight: 400;\">La protection est instantan\u00e9e gr\u00e2ce \u00e0 l&rsquo;\u00e9nergie stock\u00e9e dans les batteries.\u00a0<\/span><\/p>\n<p><span style=\"font-weight: 400;\">Leur utilisation est importante en TI, centre de datas, h\u00f4pitaux\u2026<\/span><\/p>\n<p><br style=\"font-weight: 400;\" \/><br style=\"font-weight: 400;\" \/><\/p>\n","protected":false},"featured_media":9702,"template":"","meta":[],"product_cat":[57],"product_tag":[],"_links":{"self":[{"href":"https:\/\/barbillonenergy.com\/fr\/wp-json\/wp\/v2\/product\/9701"}],"collection":[{"href":"https:\/\/barbillonenergy.com\/fr\/wp-json\/wp\/v2\/product"}],"about":[{"href":"https:\/\/barbillonenergy.com\/fr\/wp-json\/wp\/v2\/types\/product"}],"wp:featuredmedia":[{"embeddable":true,"href":"https:\/\/barbillonenergy.com\/fr\/wp-json\/wp\/v2\/media\/9702"}],"wp:attachment":[{"href":"https:\/\/barbillonenergy.com\/fr\/wp-json\/wp\/v2\/media?parent=9701"}],"wp:term":[{"taxonomy":"product_cat","embeddable":true,"href":"https:\/\/barbillonenergy.com\/fr\/wp-json\/wp\/v2\/product_cat?post=9701"},{"taxonomy":"product_tag","embeddable":true,"href":"https:\/\/barbillonenergy.com\/fr\/wp-json\/wp\/v2\/product_tag?post=9701"}],"curies":[{"name":"wp","href":"https:\/\/api.w.org\/{rel}","templated":true}]}}