{"id":9694,"date":"2023-05-24T08:40:35","date_gmt":"2023-05-24T08:40:35","guid":{"rendered":"https:\/\/barbillonenergy.com\/fr\/?post_type=product&#038;p=9694"},"modified":"2023-05-24T08:40:35","modified_gmt":"2023-05-24T08:40:35","slug":"batteries-sopzv","status":"publish","type":"product","link":"https:\/\/barbillonenergy.com\/fr\/product\/batteries-sopzv\/","title":{"rendered":"Batteries SOPzV"},"content":{"rendered":"<p><span style=\"font-weight: 400;\">Batterie avec \u00e9lectrolyte g\u00e9lifi\u00e9 VRLA (Valve Regulated Lead Acid) pour usage solaire\/\u00e9nergies renouvelables<\/span><\/p>\n<p><span style=\"font-weight: 400;\">Libre entretien, plaque positive tubulaire, les batteries OPzV peuvent \u00eatre install\u00e9es verticalement et\/ou horizontalement.<\/span><\/p>\n<p><span style=\"font-weight: 400;\">Jusqu\u2019\u00e0 3000 cycles @50% DOD<\/span><\/p>\n<p><img loading=\"lazy\" src=\"https:\/\/barbillonenergy.com\/fr\/wp-content\/uploads\/2023\/05\/SOPZV-CELLS-300x131.png\" alt=\"\" width=\"300\" height=\"131\" class=\"alignnone size-medium wp-image-9696\" srcset=\"https:\/\/barbillonenergy.com\/fr\/wp-content\/uploads\/2023\/05\/SOPZV-CELLS-300x131.png 300w, https:\/\/barbillonenergy.com\/fr\/wp-content\/uploads\/2023\/05\/SOPZV-CELLS-1024x448.png 1024w, https:\/\/barbillonenergy.com\/fr\/wp-content\/uploads\/2023\/05\/SOPZV-CELLS-768x336.png 768w, https:\/\/barbillonenergy.com\/fr\/wp-content\/uploads\/2023\/05\/SOPZV-CELLS-1536x672.png 1536w, https:\/\/barbillonenergy.com\/fr\/wp-content\/uploads\/2023\/05\/SOPZV-CELLS-870x381.png 870w, https:\/\/barbillonenergy.com\/fr\/wp-content\/uploads\/2023\/05\/SOPZV-CELLS-640x280.png 640w, https:\/\/barbillonenergy.com\/fr\/wp-content\/uploads\/2023\/05\/SOPZV-CELLS-480x210.png 480w, https:\/\/barbillonenergy.com\/fr\/wp-content\/uploads\/2023\/05\/SOPZV-CELLS-550x241.png 550w, https:\/\/barbillonenergy.com\/fr\/wp-content\/uploads\/2023\/05\/SOPZV-CELLS.png 1576w\" sizes=\"(max-width: 300px) 100vw, 300px\" \/><\/p>\n","protected":false},"excerpt":{"rendered":"<p><img loading=\"lazy\" src=\"https:\/\/barbillonenergy.com\/fr\/wp-content\/uploads\/2023\/05\/SOPZV-1.png\" alt=\"\" width=\"1640\" height=\"496\" class=\"alignnone wp-image-9695 size-full\" srcset=\"https:\/\/barbillonenergy.com\/fr\/wp-content\/uploads\/2023\/05\/SOPZV-1.png 1640w, https:\/\/barbillonenergy.com\/fr\/wp-content\/uploads\/2023\/05\/SOPZV-1-300x91.png 300w, https:\/\/barbillonenergy.com\/fr\/wp-content\/uploads\/2023\/05\/SOPZV-1-1024x310.png 1024w, https:\/\/barbillonenergy.com\/fr\/wp-content\/uploads\/2023\/05\/SOPZV-1-768x232.png 768w, https:\/\/barbillonenergy.com\/fr\/wp-content\/uploads\/2023\/05\/SOPZV-1-1536x465.png 1536w, https:\/\/barbillonenergy.com\/fr\/wp-content\/uploads\/2023\/05\/SOPZV-1-870x263.png 870w, https:\/\/barbillonenergy.com\/fr\/wp-content\/uploads\/2023\/05\/SOPZV-1-640x194.png 640w, https:\/\/barbillonenergy.com\/fr\/wp-content\/uploads\/2023\/05\/SOPZV-1-480x145.png 480w, https:\/\/barbillonenergy.com\/fr\/wp-content\/uploads\/2023\/05\/SOPZV-1-550x166.png 550w\" sizes=\"(max-width: 1640px) 100vw, 1640px\" \/><\/p>\n<p><span style=\"font-weight: 400;\">Batterie avec \u00e9lectrolyte g\u00e9lifi\u00e9 VRLA (Valve Regulated Lead Acid) pour usage solaire\/\u00e9nergies renouvelables<\/span><\/p>\n","protected":false},"featured_media":9698,"template":"","meta":[],"product_cat":[57],"product_tag":[],"_links":{"self":[{"href":"https:\/\/barbillonenergy.com\/fr\/wp-json\/wp\/v2\/product\/9694"}],"collection":[{"href":"https:\/\/barbillonenergy.com\/fr\/wp-json\/wp\/v2\/product"}],"about":[{"href":"https:\/\/barbillonenergy.com\/fr\/wp-json\/wp\/v2\/types\/product"}],"wp:featuredmedia":[{"embeddable":true,"href":"https:\/\/barbillonenergy.com\/fr\/wp-json\/wp\/v2\/media\/9698"}],"wp:attachment":[{"href":"https:\/\/barbillonenergy.com\/fr\/wp-json\/wp\/v2\/media?parent=9694"}],"wp:term":[{"taxonomy":"product_cat","embeddable":true,"href":"https:\/\/barbillonenergy.com\/fr\/wp-json\/wp\/v2\/product_cat?post=9694"},{"taxonomy":"product_tag","embeddable":true,"href":"https:\/\/barbillonenergy.com\/fr\/wp-json\/wp\/v2\/product_tag?post=9694"}],"curies":[{"name":"wp","href":"https:\/\/api.w.org\/{rel}","templated":true}]}}