{"id":9689,"date":"2023-05-24T08:36:09","date_gmt":"2023-05-24T08:36:09","guid":{"rendered":"https:\/\/barbillonenergy.com\/fr\/?post_type=product&#038;p=9689"},"modified":"2023-05-24T08:36:09","modified_gmt":"2023-05-24T08:36:09","slug":"batteries-sopzs","status":"publish","type":"product","link":"https:\/\/barbillonenergy.com\/fr\/product\/batteries-sopzs\/","title":{"rendered":"Batteries SOPzS"},"content":{"rendered":"<p><span style=\"font-weight: 400;\">Les batteries pour usage solaire sont diff\u00e9rentes aux batteries pour usage stationnaire classique.<\/span><\/p>\n<p><span style=\"font-weight: 400;\">Dans une installation solaire, les batteries se rechargent durant la journ\u00e9e, et se d\u00e9chargent durant la nuit.<\/span><\/p>\n<p><span style=\"font-weight: 400;\">Les batteries SOPZS sont id\u00e9ales pour pour cycles longs de d\u00e9charge gr\u00e2ces \u00e0 des s\u00e9parateurs et une composition sp\u00e9cialement \u00e9tudi\u00e9e pour ce type d\u2019utilisation.<\/span><\/p>\n<p><span style=\"font-weight: 400;\">Faible entretien<\/span><\/p>\n<p><span style=\"font-weight: 400;\">Plaque positive tubulaire<\/span><\/p>\n<p><span style=\"font-weight: 400;\">Possibilit\u00e9 de remplissage tous les 15 ans avec les bouchons \u00e0 recombinaison<\/span><\/p>\n<p><span style=\"font-weight: 400;\">Rapide contr\u00f4le du niveau d\u2019eau gr\u00e2ce aux bacs transparents<\/span><\/p>\n<p><span style=\"font-weight: 400;\">1500 cycles @80% DoD<\/span><\/p>\n<p><img loading=\"lazy\" src=\"https:\/\/barbillonenergy.com\/fr\/wp-content\/uploads\/2023\/05\/SOPzS.png\" alt=\"\" width=\"2128\" height=\"814\" class=\"alignnone wp-image-9692 size-full\" srcset=\"https:\/\/barbillonenergy.com\/fr\/wp-content\/uploads\/2023\/05\/SOPzS.png 2128w, https:\/\/barbillonenergy.com\/fr\/wp-content\/uploads\/2023\/05\/SOPzS-300x115.png 300w, https:\/\/barbillonenergy.com\/fr\/wp-content\/uploads\/2023\/05\/SOPzS-1024x392.png 1024w, https:\/\/barbillonenergy.com\/fr\/wp-content\/uploads\/2023\/05\/SOPzS-768x294.png 768w, https:\/\/barbillonenergy.com\/fr\/wp-content\/uploads\/2023\/05\/SOPzS-1536x588.png 1536w, https:\/\/barbillonenergy.com\/fr\/wp-content\/uploads\/2023\/05\/SOPzS-2048x783.png 2048w, https:\/\/barbillonenergy.com\/fr\/wp-content\/uploads\/2023\/05\/SOPzS-870x333.png 870w, https:\/\/barbillonenergy.com\/fr\/wp-content\/uploads\/2023\/05\/SOPzS-640x245.png 640w, https:\/\/barbillonenergy.com\/fr\/wp-content\/uploads\/2023\/05\/SOPzS-480x184.png 480w, https:\/\/barbillonenergy.com\/fr\/wp-content\/uploads\/2023\/05\/SOPzS-550x210.png 550w\" sizes=\"(max-width: 2128px) 100vw, 2128px\" \/><\/p>\n","protected":false},"excerpt":{"rendered":"<p><img loading=\"lazy\" src=\"https:\/\/barbillonenergy.com\/fr\/wp-content\/uploads\/2023\/05\/Capture-de\u0301cran-2023-03-09-a\u0300-08.02.55-300x89.png\" alt=\"\" width=\"300\" height=\"89\" class=\"alignnone size-medium wp-image-9690\" srcset=\"https:\/\/barbillonenergy.com\/fr\/wp-content\/uploads\/2023\/05\/Capture-de\u0301cran-2023-03-09-a\u0300-08.02.55-300x89.png 300w, https:\/\/barbillonenergy.com\/fr\/wp-content\/uploads\/2023\/05\/Capture-de\u0301cran-2023-03-09-a\u0300-08.02.55-1024x302.png 1024w, https:\/\/barbillonenergy.com\/fr\/wp-content\/uploads\/2023\/05\/Capture-de\u0301cran-2023-03-09-a\u0300-08.02.55-768x227.png 768w, https:\/\/barbillonenergy.com\/fr\/wp-content\/uploads\/2023\/05\/Capture-de\u0301cran-2023-03-09-a\u0300-08.02.55-1536x454.png 1536w, https:\/\/barbillonenergy.com\/fr\/wp-content\/uploads\/2023\/05\/Capture-de\u0301cran-2023-03-09-a\u0300-08.02.55-870x257.png 870w, https:\/\/barbillonenergy.com\/fr\/wp-content\/uploads\/2023\/05\/Capture-de\u0301cran-2023-03-09-a\u0300-08.02.55-640x189.png 640w, https:\/\/barbillonenergy.com\/fr\/wp-content\/uploads\/2023\/05\/Capture-de\u0301cran-2023-03-09-a\u0300-08.02.55-480x142.png 480w, https:\/\/barbillonenergy.com\/fr\/wp-content\/uploads\/2023\/05\/Capture-de\u0301cran-2023-03-09-a\u0300-08.02.55-550x162.png 550w, https:\/\/barbillonenergy.com\/fr\/wp-content\/uploads\/2023\/05\/Capture-de\u0301cran-2023-03-09-a\u0300-08.02.55.png 1978w\" sizes=\"(max-width: 300px) 100vw, 300px\" \/><\/p>\n<p><span style=\"font-weight: 400;\">Batteries avec \u00e9lectrolyte liquide pour usage solaire\/\u00e9nergies renouvelables<\/span><\/p>\n","protected":false},"featured_media":9510,"template":"","meta":[],"product_cat":[57],"product_tag":[],"_links":{"self":[{"href":"https:\/\/barbillonenergy.com\/fr\/wp-json\/wp\/v2\/product\/9689"}],"collection":[{"href":"https:\/\/barbillonenergy.com\/fr\/wp-json\/wp\/v2\/product"}],"about":[{"href":"https:\/\/barbillonenergy.com\/fr\/wp-json\/wp\/v2\/types\/product"}],"wp:featuredmedia":[{"embeddable":true,"href":"https:\/\/barbillonenergy.com\/fr\/wp-json\/wp\/v2\/media\/9510"}],"wp:attachment":[{"href":"https:\/\/barbillonenergy.com\/fr\/wp-json\/wp\/v2\/media?parent=9689"}],"wp:term":[{"taxonomy":"product_cat","embeddable":true,"href":"https:\/\/barbillonenergy.com\/fr\/wp-json\/wp\/v2\/product_cat?post=9689"},{"taxonomy":"product_tag","embeddable":true,"href":"https:\/\/barbillonenergy.com\/fr\/wp-json\/wp\/v2\/product_tag?post=9689"}],"curies":[{"name":"wp","href":"https:\/\/api.w.org\/{rel}","templated":true}]}}