{"id":9340,"date":"2022-04-05T05:45:28","date_gmt":"2022-04-05T05:45:28","guid":{"rendered":"https:\/\/barbillon.sandracaballerodesign.com\/?post_type=product&#038;p=9340"},"modified":"2022-09-07T20:41:25","modified_gmt":"2022-09-07T20:41:25","slug":"nicd-batteries","status":"publish","type":"product","link":"https:\/\/barbillonenergy.com\/fr\/product\/nicd-batteries\/","title":{"rendered":"Batteries NiCd (Nickel Cadmium)"},"content":{"rendered":"","protected":false},"excerpt":{"rendered":"<p>Le Nickel Cadmium est un composant confiable et versatile gr\u00e2ce \u00e0 sa grande capacit\u00e9 de stockage et sa r\u00e9sistance aux hautes temp\u00e9ratures.<\/p>\n<p>Tr\u00e8s utilis\u00e9s par exemple dans les applications ferroviaire, nucl\u00e9aires et industrielles.<\/p>\n<p>Longue vie utile, faible entretien et grande r\u00e9sistance m\u00e9canique.<\/p>\n<p>Rang de temperature -40\u00baC a +50\u00baC.<\/p>\n<p>&nbsp;<\/p>\n","protected":false},"featured_media":9553,"template":"","meta":[],"product_cat":[57],"product_tag":[],"_links":{"self":[{"href":"https:\/\/barbillonenergy.com\/fr\/wp-json\/wp\/v2\/product\/9340"}],"collection":[{"href":"https:\/\/barbillonenergy.com\/fr\/wp-json\/wp\/v2\/product"}],"about":[{"href":"https:\/\/barbillonenergy.com\/fr\/wp-json\/wp\/v2\/types\/product"}],"wp:featuredmedia":[{"embeddable":true,"href":"https:\/\/barbillonenergy.com\/fr\/wp-json\/wp\/v2\/media\/9553"}],"wp:attachment":[{"href":"https:\/\/barbillonenergy.com\/fr\/wp-json\/wp\/v2\/media?parent=9340"}],"wp:term":[{"taxonomy":"product_cat","embeddable":true,"href":"https:\/\/barbillonenergy.com\/fr\/wp-json\/wp\/v2\/product_cat?post=9340"},{"taxonomy":"product_tag","embeddable":true,"href":"https:\/\/barbillonenergy.com\/fr\/wp-json\/wp\/v2\/product_tag?post=9340"}],"curies":[{"name":"wp","href":"https:\/\/api.w.org\/{rel}","templated":true}]}}