{"id":9339,"date":"2022-04-05T05:45:02","date_gmt":"2022-04-05T05:45:02","guid":{"rendered":"https:\/\/barbillon.sandracaballerodesign.com\/?post_type=product&#038;p=9339"},"modified":"2023-03-09T06:47:43","modified_gmt":"2023-03-09T06:47:43","slug":"gel-agm-bloc-batteries","status":"publish","type":"product","link":"https:\/\/barbillonenergy.com\/fr\/product\/gel-agm-bloc-batteries\/","title":{"rendered":"Batterie Gel\/AGM"},"content":{"rendered":"","protected":false},"excerpt":{"rendered":"<p><img loading=\"lazy\" src=\"https:\/\/barbillonenergy.com\/fr\/wp-content\/uploads\/2022\/04\/Capture-de\u0301cran-2023-03-09-a\u0300-07.45.52.png\" alt=\"\" width=\"1988\" height=\"584\" class=\"alignnone wp-image-9671 size-full\" srcset=\"https:\/\/barbillonenergy.com\/fr\/wp-content\/uploads\/2022\/04\/Capture-de\u0301cran-2023-03-09-a\u0300-07.45.52.png 1988w, https:\/\/barbillonenergy.com\/fr\/wp-content\/uploads\/2022\/04\/Capture-de\u0301cran-2023-03-09-a\u0300-07.45.52-300x88.png 300w, https:\/\/barbillonenergy.com\/fr\/wp-content\/uploads\/2022\/04\/Capture-de\u0301cran-2023-03-09-a\u0300-07.45.52-1024x301.png 1024w, https:\/\/barbillonenergy.com\/fr\/wp-content\/uploads\/2022\/04\/Capture-de\u0301cran-2023-03-09-a\u0300-07.45.52-768x226.png 768w, https:\/\/barbillonenergy.com\/fr\/wp-content\/uploads\/2022\/04\/Capture-de\u0301cran-2023-03-09-a\u0300-07.45.52-1536x451.png 1536w, https:\/\/barbillonenergy.com\/fr\/wp-content\/uploads\/2022\/04\/Capture-de\u0301cran-2023-03-09-a\u0300-07.45.52-870x256.png 870w, https:\/\/barbillonenergy.com\/fr\/wp-content\/uploads\/2022\/04\/Capture-de\u0301cran-2023-03-09-a\u0300-07.45.52-640x188.png 640w, https:\/\/barbillonenergy.com\/fr\/wp-content\/uploads\/2022\/04\/Capture-de\u0301cran-2023-03-09-a\u0300-07.45.52-480x141.png 480w, https:\/\/barbillonenergy.com\/fr\/wp-content\/uploads\/2022\/04\/Capture-de\u0301cran-2023-03-09-a\u0300-07.45.52-550x162.png 550w\" sizes=\"(max-width: 1988px) 100vw, 1988px\" \/><\/p>\n<p>Les batteries VRLA ont \u00e9t\u00e9 d\u00e9velopp\u00e9s pour \u00eatre une solution confiable d\u2019\u00e9nergie pour tout type d\u2019application de back up.<\/p>\n<p>100% libre entretien, la vale permet de r\u00e9guler la pression interne et de garantir une longue vie utile<\/p>\n<p>Disponible de 33Ah \u00e0 200Ah.<\/p>\n<p>&nbsp;<\/p>\n","protected":false},"featured_media":9391,"template":"","meta":[],"product_cat":[57],"product_tag":[],"_links":{"self":[{"href":"https:\/\/barbillonenergy.com\/fr\/wp-json\/wp\/v2\/product\/9339"}],"collection":[{"href":"https:\/\/barbillonenergy.com\/fr\/wp-json\/wp\/v2\/product"}],"about":[{"href":"https:\/\/barbillonenergy.com\/fr\/wp-json\/wp\/v2\/types\/product"}],"wp:featuredmedia":[{"embeddable":true,"href":"https:\/\/barbillonenergy.com\/fr\/wp-json\/wp\/v2\/media\/9391"}],"wp:attachment":[{"href":"https:\/\/barbillonenergy.com\/fr\/wp-json\/wp\/v2\/media?parent=9339"}],"wp:term":[{"taxonomy":"product_cat","embeddable":true,"href":"https:\/\/barbillonenergy.com\/fr\/wp-json\/wp\/v2\/product_cat?post=9339"},{"taxonomy":"product_tag","embeddable":true,"href":"https:\/\/barbillonenergy.com\/fr\/wp-json\/wp\/v2\/product_tag?post=9339"}],"curies":[{"name":"wp","href":"https:\/\/api.w.org\/{rel}","templated":true}]}}