{"id":9338,"date":"2022-04-05T05:44:39","date_gmt":"2022-04-05T05:44:39","guid":{"rendered":"https:\/\/barbillon.sandracaballerodesign.com\/?post_type=product&#038;p=9338"},"modified":"2023-09-26T10:08:47","modified_gmt":"2023-09-26T10:08:47","slug":"lithium-batteries","status":"publish","type":"product","link":"https:\/\/barbillonenergy.com\/fr\/product\/lithium-batteries\/","title":{"rendered":"Batteries au lithium"},"content":{"rendered":"","protected":false},"excerpt":{"rendered":"<p><img loading=\"lazy\" src=\"https:\/\/barbillonenergy.com\/fr\/wp-content\/uploads\/2022\/04\/Capture-de\u0301cran-2023-03-09-a\u0300-07.29.07.png\" alt=\"\" width=\"1976\" height=\"590\" class=\"alignnone wp-image-9669 size-full\" srcset=\"https:\/\/barbillonenergy.com\/fr\/wp-content\/uploads\/2022\/04\/Capture-de\u0301cran-2023-03-09-a\u0300-07.29.07.png 1976w, https:\/\/barbillonenergy.com\/fr\/wp-content\/uploads\/2022\/04\/Capture-de\u0301cran-2023-03-09-a\u0300-07.29.07-300x90.png 300w, https:\/\/barbillonenergy.com\/fr\/wp-content\/uploads\/2022\/04\/Capture-de\u0301cran-2023-03-09-a\u0300-07.29.07-1024x306.png 1024w, https:\/\/barbillonenergy.com\/fr\/wp-content\/uploads\/2022\/04\/Capture-de\u0301cran-2023-03-09-a\u0300-07.29.07-768x229.png 768w, https:\/\/barbillonenergy.com\/fr\/wp-content\/uploads\/2022\/04\/Capture-de\u0301cran-2023-03-09-a\u0300-07.29.07-1536x459.png 1536w, https:\/\/barbillonenergy.com\/fr\/wp-content\/uploads\/2022\/04\/Capture-de\u0301cran-2023-03-09-a\u0300-07.29.07-870x260.png 870w, https:\/\/barbillonenergy.com\/fr\/wp-content\/uploads\/2022\/04\/Capture-de\u0301cran-2023-03-09-a\u0300-07.29.07-640x191.png 640w, https:\/\/barbillonenergy.com\/fr\/wp-content\/uploads\/2022\/04\/Capture-de\u0301cran-2023-03-09-a\u0300-07.29.07-480x143.png 480w, https:\/\/barbillonenergy.com\/fr\/wp-content\/uploads\/2022\/04\/Capture-de\u0301cran-2023-03-09-a\u0300-07.29.07-550x164.png 550w\" sizes=\"(max-width: 1976px) 100vw, 1976px\" \/>Disponible en 12, 24 et 48V, format standard ou rack 19\u2019.<\/p>\n<p>Dans un monde ou les \u00e9nergies propre deviennent une n\u00e9cessit\u00e9, les batteries au lithium offre une alternative aux autres technologies.<\/p>\n<p>100% libre entretien, avec un rendement et une vide utile sup\u00e9rieure aux batteries plomb acide.<\/p>\n<p><span style=\"font-weight: 400;\">Compatible avec la plupart des fabricants d\u2019inverseurs (compatibilit\u00e9 du protocole de communication)<\/span><\/p>\n<p><span style=\"font-weight: 400;\">Installation facile, flexible et extensibles jusqu\u2019\u00e0 30 modules en parall\u00e8le<\/span><\/p>\n<p><span style=\"font-weight: 400;\">Plus de 6000 cycles @80% DoD<\/span><\/p>\n<p><br style=\"font-weight: 400;\" \/><br style=\"font-weight: 400;\" \/><\/p>\n","protected":false},"featured_media":9670,"template":"","meta":[],"product_cat":[57],"product_tag":[],"_links":{"self":[{"href":"https:\/\/barbillonenergy.com\/fr\/wp-json\/wp\/v2\/product\/9338"}],"collection":[{"href":"https:\/\/barbillonenergy.com\/fr\/wp-json\/wp\/v2\/product"}],"about":[{"href":"https:\/\/barbillonenergy.com\/fr\/wp-json\/wp\/v2\/types\/product"}],"wp:featuredmedia":[{"embeddable":true,"href":"https:\/\/barbillonenergy.com\/fr\/wp-json\/wp\/v2\/media\/9670"}],"wp:attachment":[{"href":"https:\/\/barbillonenergy.com\/fr\/wp-json\/wp\/v2\/media?parent=9338"}],"wp:term":[{"taxonomy":"product_cat","embeddable":true,"href":"https:\/\/barbillonenergy.com\/fr\/wp-json\/wp\/v2\/product_cat?post=9338"},{"taxonomy":"product_tag","embeddable":true,"href":"https:\/\/barbillonenergy.com\/fr\/wp-json\/wp\/v2\/product_tag?post=9338"}],"curies":[{"name":"wp","href":"https:\/\/api.w.org\/{rel}","templated":true}]}}