{"id":9337,"date":"2022-04-05T05:44:04","date_gmt":"2022-04-05T05:44:04","guid":{"rendered":"https:\/\/barbillon.sandracaballerodesign.com\/?post_type=product&#038;p=9337"},"modified":"2023-09-26T09:39:16","modified_gmt":"2023-09-26T09:39:16","slug":"opzv-batteries","status":"publish","type":"product","link":"https:\/\/barbillonenergy.com\/fr\/product\/opzv-batteries\/","title":{"rendered":"Batteries OPZV"},"content":{"rendered":"<p><img loading=\"lazy\" src=\"https:\/\/barbillonenergy.com\/fr\/wp-content\/uploads\/2022\/04\/OPZVCELL.png\" alt=\"\" width=\"1426\" height=\"782\" class=\"alignnone wp-image-9674 size-full\" srcset=\"https:\/\/barbillonenergy.com\/fr\/wp-content\/uploads\/2022\/04\/OPZVCELL.png 1426w, https:\/\/barbillonenergy.com\/fr\/wp-content\/uploads\/2022\/04\/OPZVCELL-300x165.png 300w, https:\/\/barbillonenergy.com\/fr\/wp-content\/uploads\/2022\/04\/OPZVCELL-1024x562.png 1024w, https:\/\/barbillonenergy.com\/fr\/wp-content\/uploads\/2022\/04\/OPZVCELL-768x421.png 768w, https:\/\/barbillonenergy.com\/fr\/wp-content\/uploads\/2022\/04\/OPZVCELL-870x477.png 870w, https:\/\/barbillonenergy.com\/fr\/wp-content\/uploads\/2022\/04\/OPZVCELL-640x351.png 640w, https:\/\/barbillonenergy.com\/fr\/wp-content\/uploads\/2022\/04\/OPZVCELL-480x263.png 480w, https:\/\/barbillonenergy.com\/fr\/wp-content\/uploads\/2022\/04\/OPZVCELL-550x302.png 550w\" sizes=\"(max-width: 1426px) 100vw, 1426px\" \/><\/p>\n","protected":false},"excerpt":{"rendered":"<p><img loading=\"lazy\" src=\"https:\/\/barbillonenergy.com\/fr\/wp-content\/uploads\/2022\/04\/OPZV.png\" alt=\"\" width=\"1638\" height=\"488\" class=\"alignnone wp-image-9675 size-full\" srcset=\"https:\/\/barbillonenergy.com\/fr\/wp-content\/uploads\/2022\/04\/OPZV.png 1638w, https:\/\/barbillonenergy.com\/fr\/wp-content\/uploads\/2022\/04\/OPZV-300x89.png 300w, https:\/\/barbillonenergy.com\/fr\/wp-content\/uploads\/2022\/04\/OPZV-1024x305.png 1024w, https:\/\/barbillonenergy.com\/fr\/wp-content\/uploads\/2022\/04\/OPZV-768x229.png 768w, https:\/\/barbillonenergy.com\/fr\/wp-content\/uploads\/2022\/04\/OPZV-1536x458.png 1536w, https:\/\/barbillonenergy.com\/fr\/wp-content\/uploads\/2022\/04\/OPZV-870x259.png 870w, https:\/\/barbillonenergy.com\/fr\/wp-content\/uploads\/2022\/04\/OPZV-640x191.png 640w, https:\/\/barbillonenergy.com\/fr\/wp-content\/uploads\/2022\/04\/OPZV-480x143.png 480w, https:\/\/barbillonenergy.com\/fr\/wp-content\/uploads\/2022\/04\/OPZV-550x164.png 550w\" sizes=\"(max-width: 1638px) 100vw, 1638px\" \/><\/p>\n<p>100% libre entretien, confiable en environnement extr\u00eame (temp\u00e9ratures basses\/hautes ou bien r\u00e9seau instable)<\/p>\n<p>\u00c9l\u00e9ments de 2V, de 215 \u00e0 3170Ah.<\/p>\n<p>&nbsp;<\/p>\n","protected":false},"featured_media":9409,"template":"","meta":[],"product_cat":[57],"product_tag":[],"_links":{"self":[{"href":"https:\/\/barbillonenergy.com\/fr\/wp-json\/wp\/v2\/product\/9337"}],"collection":[{"href":"https:\/\/barbillonenergy.com\/fr\/wp-json\/wp\/v2\/product"}],"about":[{"href":"https:\/\/barbillonenergy.com\/fr\/wp-json\/wp\/v2\/types\/product"}],"wp:featuredmedia":[{"embeddable":true,"href":"https:\/\/barbillonenergy.com\/fr\/wp-json\/wp\/v2\/media\/9409"}],"wp:attachment":[{"href":"https:\/\/barbillonenergy.com\/fr\/wp-json\/wp\/v2\/media?parent=9337"}],"wp:term":[{"taxonomy":"product_cat","embeddable":true,"href":"https:\/\/barbillonenergy.com\/fr\/wp-json\/wp\/v2\/product_cat?post=9337"},{"taxonomy":"product_tag","embeddable":true,"href":"https:\/\/barbillonenergy.com\/fr\/wp-json\/wp\/v2\/product_tag?post=9337"}],"curies":[{"name":"wp","href":"https:\/\/api.w.org\/{rel}","templated":true}]}}