{"id":9334,"date":"2022-04-05T05:42:20","date_gmt":"2022-04-05T05:42:20","guid":{"rendered":"https:\/\/barbillon.sandracaballerodesign.com\/?post_type=product&#038;p=9334"},"modified":"2023-09-26T09:56:39","modified_gmt":"2023-09-26T09:56:39","slug":"lithium-ion-forklift-batteries","status":"publish","type":"product","link":"https:\/\/barbillonenergy.com\/fr\/product\/lithium-ion-forklift-batteries\/","title":{"rendered":"Batteries au lithium"},"content":{"rendered":"<h4 style=\"text-align: center;\">LiFePo4 Chemistry<\/h4>\n<div class=\"bauer-text clearfix text-center\">\n<p style=\"text-align: center;\"><span style=\"font-weight: 400;\">Batteries au lithium LFP pour chariot \u00e9l\u00e9vateurs<\/span><\/p>\n<p class=\"p1\" style=\"text-align: center; max-width: 500px; margin: auto;\"><br style=\"font-weight: 400;\" \/><br style=\"font-weight: 400;\" \/><\/p>\n<p><img loading=\"lazy\" src=\"https:\/\/barbillon.sandracaballerodesign.com\/wp-content\/uploads\/2022\/04\/lift-2-1200x384-1-1024x328.png\" alt=\"\" width=\"1024\" height=\"328\" class=\"alignnone wp-image-9423 size-large\" srcset=\"https:\/\/barbillonenergy.com\/fr\/wp-content\/uploads\/2022\/04\/lift-2-1200x384-1-1024x328.png 1024w, https:\/\/barbillonenergy.com\/fr\/wp-content\/uploads\/2022\/04\/lift-2-1200x384-1-300x96.png 300w, https:\/\/barbillonenergy.com\/fr\/wp-content\/uploads\/2022\/04\/lift-2-1200x384-1-768x246.png 768w, https:\/\/barbillonenergy.com\/fr\/wp-content\/uploads\/2022\/04\/lift-2-1200x384-1-870x278.png 870w, https:\/\/barbillonenergy.com\/fr\/wp-content\/uploads\/2022\/04\/lift-2-1200x384-1-640x205.png 640w, https:\/\/barbillonenergy.com\/fr\/wp-content\/uploads\/2022\/04\/lift-2-1200x384-1-480x154.png 480w, https:\/\/barbillonenergy.com\/fr\/wp-content\/uploads\/2022\/04\/lift-2-1200x384-1-550x176.png 550w, https:\/\/barbillonenergy.com\/fr\/wp-content\/uploads\/2022\/04\/lift-2-1200x384-1.png 1200w\" sizes=\"(max-width: 1024px) 100vw, 1024px\" \/><\/p>\n<p>&nbsp;<\/p>\n<p style=\"text-align: center;\"><span style=\"font-weight: 400;\">100% libre entretien, plus de 6500 cycles de vie utile, passez \u00e0 la technologie LFP avec Barbillon.<\/span><\/p>\n<p style=\"text-align: center; max-width: 500px; margin: auto;\"><br style=\"font-weight: 400;\" \/><br style=\"font-weight: 400;\" \/>\n<\/p>\n<\/div>\n<p>&nbsp;<\/p>\n<h6 class=\"bauer-single-heading clearfix \"><span class=\"inner\"><span class=\"heading clearfix accent\">FEATURES<\/span><\/span><\/h6>\n<p><strong>Chimie LiFePo4<\/strong><\/p>\n<p>&nbsp;<\/p>\n<ul>\n<li>Nous avons choisi le Lithium Fer Phosphate comme principal composant de nos modules pour sa stabilit\u00e9 que ce soit au niveau du rendement ou de la temp\u00e9rature.<\/li>\n<li>Les batteries lithium permettent \u00e0 nos clients d\u2019op\u00e9rer dans de conditions de haute intensit\u00e9 d\u2019activit\u00e9, avec une seule batterie pour 1,2 ou 3 tours de travail.<\/li>\n<li>Gr\u00e2ce au syst\u00e8me de charge rapide et d\u2019opportunit\u00e9, vous pouvez travailler sans interruption 24h par jour, 7 jours par semaine.<\/li>\n<li>Compatible avec toutes les marques et type de chariots.<\/li>\n<li>Un seule batterie par chariot, plus besoin de faire de changement de batterie co\u00fbteux en temps et donc en productivit\u00e9.<\/li>\n<li>Deux connecteurs, un de charge et un de d\u00e9charge, vous pouvez donc charger votre batterie sans avoir \u00e0 d\u00e9connecter la batterie du chariot.<\/li>\n<li>Plus besoin de salle de charge, les batteries sont 100% libre entretien et 100% libre d\u2019\u00e9manation de gas.<\/li>\n<li>Retour rapide sur investissement.<\/li>\n<li>\u00c9cran externe LCD avec SOC et alarmes (visuelles et sonores).<\/li>\n<li>Toutes nos batteries sont \u00e9quip\u00e9es d\u2019un BMS qui contr\u00f4le et temps r\u00e9els tous les param\u00e8tres (temp\u00e9rature, tension, courant\u2026), ce qui assure un s\u00e9curit\u00e9 optimale, tant pour l\u2019op\u00e9rateur que pour le produit.<\/li>\n<\/ul>\n<p><img loading=\"lazy\" src=\"https:\/\/barbillon.sandracaballerodesign.com\/wp-content\/uploads\/2022\/04\/Screen-Shot-2022-04-27-at-20.37.44-1024x789.png\" alt=\"\" width=\"800\" height=\"617\" class=\"aligncenter wp-image-9442\" srcset=\"https:\/\/barbillonenergy.com\/fr\/wp-content\/uploads\/2022\/04\/Screen-Shot-2022-04-27-at-20.37.44-1024x789.png 1024w, https:\/\/barbillonenergy.com\/fr\/wp-content\/uploads\/2022\/04\/Screen-Shot-2022-04-27-at-20.37.44-300x231.png 300w, https:\/\/barbillonenergy.com\/fr\/wp-content\/uploads\/2022\/04\/Screen-Shot-2022-04-27-at-20.37.44-768x592.png 768w, https:\/\/barbillonenergy.com\/fr\/wp-content\/uploads\/2022\/04\/Screen-Shot-2022-04-27-at-20.37.44-1536x1184.png 1536w, https:\/\/barbillonenergy.com\/fr\/wp-content\/uploads\/2022\/04\/Screen-Shot-2022-04-27-at-20.37.44-870x670.png 870w, https:\/\/barbillonenergy.com\/fr\/wp-content\/uploads\/2022\/04\/Screen-Shot-2022-04-27-at-20.37.44-640x493.png 640w, https:\/\/barbillonenergy.com\/fr\/wp-content\/uploads\/2022\/04\/Screen-Shot-2022-04-27-at-20.37.44-480x370.png 480w, https:\/\/barbillonenergy.com\/fr\/wp-content\/uploads\/2022\/04\/Screen-Shot-2022-04-27-at-20.37.44-550x424.png 550w, https:\/\/barbillonenergy.com\/fr\/wp-content\/uploads\/2022\/04\/Screen-Shot-2022-04-27-at-20.37.44.png 1622w\" sizes=\"(max-width: 800px) 100vw, 800px\" \/><\/p>\n<div class=\"bauer-content-box clearfix\">\n<div class=\"vc-custom-col-inner-spacing clearfix vc-col-inner-spacing-65\">\n<div class=\"wpb_row vc_inner vc_row-fluid\">\n<div class=\"wpb_wrapper\">\n<p><span style=\"font-weight: 400;\">Chargeurs haute fr\u00e9quence pour batteries LFP<\/span><\/p>\n<p><span style=\"font-weight: 400;\">Nos chargeurs peuvent \u00eatre install\u00e9s sur tout type de supports, base ou muraux<\/span><\/p>\n<p><span style=\"font-weight: 400;\">Efficience de charge &gt;98%<\/span><\/p>\n<p><span style=\"font-weight: 400;\">Protections contre les d\u00e9charge\/coupures de courant\u00a0<\/span><\/p>\n<p><span style=\"font-weight: 400;\">Disponibles en 24, 36, 48, 72, 80 y 96V.<\/span><\/p>\n<p><img loading=\"lazy\" src=\"https:\/\/barbillonenergy.com\/fr\/wp-content\/uploads\/2022\/04\/Capture-decran-2023-09-26-a-11.55.18.png\" alt=\"\" width=\"1408\" height=\"1042\" class=\"aligncenter wp-image-9731 size-full\" srcset=\"https:\/\/barbillonenergy.com\/fr\/wp-content\/uploads\/2022\/04\/Capture-decran-2023-09-26-a-11.55.18.png 1408w, https:\/\/barbillonenergy.com\/fr\/wp-content\/uploads\/2022\/04\/Capture-decran-2023-09-26-a-11.55.18-300x222.png 300w, https:\/\/barbillonenergy.com\/fr\/wp-content\/uploads\/2022\/04\/Capture-decran-2023-09-26-a-11.55.18-1024x758.png 1024w, https:\/\/barbillonenergy.com\/fr\/wp-content\/uploads\/2022\/04\/Capture-decran-2023-09-26-a-11.55.18-768x568.png 768w, https:\/\/barbillonenergy.com\/fr\/wp-content\/uploads\/2022\/04\/Capture-decran-2023-09-26-a-11.55.18-870x644.png 870w, https:\/\/barbillonenergy.com\/fr\/wp-content\/uploads\/2022\/04\/Capture-decran-2023-09-26-a-11.55.18-640x474.png 640w, https:\/\/barbillonenergy.com\/fr\/wp-content\/uploads\/2022\/04\/Capture-decran-2023-09-26-a-11.55.18-480x355.png 480w, https:\/\/barbillonenergy.com\/fr\/wp-content\/uploads\/2022\/04\/Capture-decran-2023-09-26-a-11.55.18-550x407.png 550w\" sizes=\"(max-width: 1408px) 100vw, 1408px\" \/><\/p>\n<p><br style=\"font-weight: 400;\" \/><br style=\"font-weight: 400;\" \/><\/div>\n<\/div>\n<\/div>\n<\/div>\n","protected":false},"excerpt":{"rendered":"<p><img loading=\"lazy\" src=\"https:\/\/barbillonenergy.com\/fr\/wp-content\/uploads\/2022\/04\/Capture-de\u0301cran-2023-03-29-a\u0300-09.38.11-300x155.png\" alt=\"\" width=\"300\" height=\"155\" class=\"alignnone size-medium wp-image-9678\" srcset=\"https:\/\/barbillonenergy.com\/fr\/wp-content\/uploads\/2022\/04\/Capture-de\u0301cran-2023-03-29-a\u0300-09.38.11-300x155.png 300w, https:\/\/barbillonenergy.com\/fr\/wp-content\/uploads\/2022\/04\/Capture-de\u0301cran-2023-03-29-a\u0300-09.38.11-1024x529.png 1024w, https:\/\/barbillonenergy.com\/fr\/wp-content\/uploads\/2022\/04\/Capture-de\u0301cran-2023-03-29-a\u0300-09.38.11-768x397.png 768w, https:\/\/barbillonenergy.com\/fr\/wp-content\/uploads\/2022\/04\/Capture-de\u0301cran-2023-03-29-a\u0300-09.38.11-1536x794.png 1536w, https:\/\/barbillonenergy.com\/fr\/wp-content\/uploads\/2022\/04\/Capture-de\u0301cran-2023-03-29-a\u0300-09.38.11-870x450.png 870w, https:\/\/barbillonenergy.com\/fr\/wp-content\/uploads\/2022\/04\/Capture-de\u0301cran-2023-03-29-a\u0300-09.38.11-640x331.png 640w, https:\/\/barbillonenergy.com\/fr\/wp-content\/uploads\/2022\/04\/Capture-de\u0301cran-2023-03-29-a\u0300-09.38.11-480x248.png 480w, https:\/\/barbillonenergy.com\/fr\/wp-content\/uploads\/2022\/04\/Capture-de\u0301cran-2023-03-29-a\u0300-09.38.11-550x284.png 550w, https:\/\/barbillonenergy.com\/fr\/wp-content\/uploads\/2022\/04\/Capture-de\u0301cran-2023-03-29-a\u0300-09.38.11.png 1992w\" sizes=\"(max-width: 300px) 100vw, 300px\" \/><\/p>\n<p><strong>Migrez \u00e0 la technologie lithium avec Barbillon!<\/strong><\/p>\n<p><strong>Augmentez votre productivit\u00e9 et n\u2019arr\u00eatez plus vos op\u00e9rations!<\/strong><\/p>\n<p>Nous sommes sp\u00e9cialistes lithium avec plusieurs centaines de batteries install\u00e9es au cours des deux derni\u00e8res ann\u00e9es.<\/p>\n<p>Nos batteries lithium ont \u00e9t\u00e9 d\u00e9velopp\u00e9es pour \u00eatre 100% s\u00fbres, r\u00e9duire les co\u00fbts d\u2019entretien des parcs batteries de nos clients et bien s\u00fbr, pour augmenter leur productivit\u00e9.<\/p>\n<p>100% libre entretien, facile d\u2019installation, changez aujourd\u2019hui \u00e0 la technologie lithium avec Barbillon!<\/p>\n<p><img loading=\"lazy\" src=\"https:\/\/barbillonenergy.com\/fr\/wp-content\/uploads\/2022\/04\/Capture-de\u0301cran-2023-03-29-a\u0300-09.38.53-295x300.png\" alt=\"\" width=\"295\" height=\"300\" class=\"alignnone size-medium wp-image-9677\" srcset=\"https:\/\/barbillonenergy.com\/fr\/wp-content\/uploads\/2022\/04\/Capture-de\u0301cran-2023-03-29-a\u0300-09.38.53-295x300.png 295w, https:\/\/barbillonenergy.com\/fr\/wp-content\/uploads\/2022\/04\/Capture-de\u0301cran-2023-03-29-a\u0300-09.38.53-640x652.png 640w, https:\/\/barbillonenergy.com\/fr\/wp-content\/uploads\/2022\/04\/Capture-de\u0301cran-2023-03-29-a\u0300-09.38.53-480x489.png 480w, https:\/\/barbillonenergy.com\/fr\/wp-content\/uploads\/2022\/04\/Capture-de\u0301cran-2023-03-29-a\u0300-09.38.53-550x560.png 550w, https:\/\/barbillonenergy.com\/fr\/wp-content\/uploads\/2022\/04\/Capture-de\u0301cran-2023-03-29-a\u0300-09.38.53.png 666w\" sizes=\"(max-width: 295px) 100vw, 295px\" \/><\/p>\n","protected":false},"featured_media":9407,"template":"","meta":[],"product_cat":[56],"product_tag":[],"_links":{"self":[{"href":"https:\/\/barbillonenergy.com\/fr\/wp-json\/wp\/v2\/product\/9334"}],"collection":[{"href":"https:\/\/barbillonenergy.com\/fr\/wp-json\/wp\/v2\/product"}],"about":[{"href":"https:\/\/barbillonenergy.com\/fr\/wp-json\/wp\/v2\/types\/product"}],"wp:featuredmedia":[{"embeddable":true,"href":"https:\/\/barbillonenergy.com\/fr\/wp-json\/wp\/v2\/media\/9407"}],"wp:attachment":[{"href":"https:\/\/barbillonenergy.com\/fr\/wp-json\/wp\/v2\/media?parent=9334"}],"wp:term":[{"taxonomy":"product_cat","embeddable":true,"href":"https:\/\/barbillonenergy.com\/fr\/wp-json\/wp\/v2\/product_cat?post=9334"},{"taxonomy":"product_tag","embeddable":true,"href":"https:\/\/barbillonenergy.com\/fr\/wp-json\/wp\/v2\/product_tag?post=9334"}],"curies":[{"name":"wp","href":"https:\/\/api.w.org\/{rel}","templated":true}]}}