{"id":5540,"date":"2019-02-24T06:00:26","date_gmt":"2019-02-24T06:00:26","guid":{"rendered":"http:\/\/ninzio.com\/bauer\/?post_type=product&#038;p=5540"},"modified":"2023-09-29T15:50:20","modified_gmt":"2023-09-29T15:50:20","slug":"lead-acid-forklift-batteries","status":"publish","type":"product","link":"https:\/\/barbillonenergy.com\/fr\/product\/lead-acid-forklift-batteries\/","title":{"rendered":"Batterie plomb acide"},"content":{"rendered":"<p><span style=\"font-weight: 400;\">Construction<\/span><\/p>\n<p><strong>1)Plaque tubulaire :<\/strong><\/p>\n<p><span style=\"font-weight: 400;\">Excellentes performances cycliques, longue dur\u00e9e de vie utile<\/span><\/p>\n<p><span style=\"font-weight: 400;\">Alliage \u00e0 concentration d\u2019antimoine (Sb) optimis\u00e9e :<\/span><\/p>\n<p><span style=\"font-weight: 400;\">Faible consommation d\u2019eau<\/span><\/p>\n<p><span style=\"font-weight: 400;\">Faible augmentation de la temp\u00e9rature<\/span><\/p>\n<p><span style=\"font-weight: 400;\">Tension de charge finale \u00e9lev\u00e9e et stable<\/span><\/p>\n<p><strong>2)S\u00e9parateur de rouleau en poly\u00e9thyl\u00e8ne \u00e0 porosit\u00e9 \u00e9lev\u00e9e enveloppant les plaques positive<\/strong><\/p>\n<p><span style=\"font-weight: 400;\">\u00c9vite les courts-circuits, assure une meilleure circulation ionique et une faible r\u00e9sistance interne<\/span><\/p>\n<p><strong>3) Terminales r\u00e9sistantes \u00e0 la corrosion\u00a0<\/strong><\/p>\n<p><strong>4) Bac et couvercle thermosoud\u00e9s<\/strong><\/p>\n<p><strong>5)Plaque n\u00e9gative envelopp\u00e9e pour \u00e9viter la perte de masse active<\/strong><\/p>\n<p><br style=\"font-weight: 400;\" \/><br style=\"font-weight: 400;\" \/><\/p>\n","protected":false},"excerpt":{"rendered":"<p><img loading=\"lazy\" src=\"https:\/\/barbillonenergy.com\/fr\/wp-content\/uploads\/2019\/02\/Capture-de\u0301cran-2023-05-24-a\u0300-10.30.09.png\" alt=\"\" width=\"1984\" height=\"1030\" class=\"alignnone wp-image-9688 size-full\" srcset=\"https:\/\/barbillonenergy.com\/fr\/wp-content\/uploads\/2019\/02\/Capture-de\u0301cran-2023-05-24-a\u0300-10.30.09.png 1984w, https:\/\/barbillonenergy.com\/fr\/wp-content\/uploads\/2019\/02\/Capture-de\u0301cran-2023-05-24-a\u0300-10.30.09-300x156.png 300w, https:\/\/barbillonenergy.com\/fr\/wp-content\/uploads\/2019\/02\/Capture-de\u0301cran-2023-05-24-a\u0300-10.30.09-1024x532.png 1024w, https:\/\/barbillonenergy.com\/fr\/wp-content\/uploads\/2019\/02\/Capture-de\u0301cran-2023-05-24-a\u0300-10.30.09-768x399.png 768w, https:\/\/barbillonenergy.com\/fr\/wp-content\/uploads\/2019\/02\/Capture-de\u0301cran-2023-05-24-a\u0300-10.30.09-1536x797.png 1536w, https:\/\/barbillonenergy.com\/fr\/wp-content\/uploads\/2019\/02\/Capture-de\u0301cran-2023-05-24-a\u0300-10.30.09-870x452.png 870w, https:\/\/barbillonenergy.com\/fr\/wp-content\/uploads\/2019\/02\/Capture-de\u0301cran-2023-05-24-a\u0300-10.30.09-640x332.png 640w, https:\/\/barbillonenergy.com\/fr\/wp-content\/uploads\/2019\/02\/Capture-de\u0301cran-2023-05-24-a\u0300-10.30.09-480x249.png 480w, https:\/\/barbillonenergy.com\/fr\/wp-content\/uploads\/2019\/02\/Capture-de\u0301cran-2023-05-24-a\u0300-10.30.09-550x286.png 550w\" sizes=\"(max-width: 1984px) 100vw, 1984px\" \/><\/p>\n<p>&nbsp;<\/p>\n<p class=\"p1\"><b>Nos batteries<\/b><\/p>\n<p>Assembl\u00e9es dans nos ateliers en France<\/p>\n<p>Batteries plomb acide (DIN\/BS) plaques tubulaires produit 100% Europ\u00e9en<\/p>\n<p>Disponible dans toutes le configurations (coffre DIN, coffre BS, vrac)<\/p>\n<p>Large gamme d\u2019accessoires disponibles (sonde led, remplissage automatique\u2026etc)<\/p>\n<p><strong>T\u00e9l\u00e9charger le PDF:<\/strong> <a href=\"https:\/\/barbillonenergy.com\/fr\/wp-content\/uploads\/2023\/09\/catalogue-traction-34.pdf\" target=\"_blank\" rel=\"noopener\">Batteries et \u00e9l\u00e9ments de traction<\/a><\/p>\n","protected":false},"featured_media":9491,"template":"","meta":[],"product_cat":[56],"product_tag":[],"_links":{"self":[{"href":"https:\/\/barbillonenergy.com\/fr\/wp-json\/wp\/v2\/product\/5540"}],"collection":[{"href":"https:\/\/barbillonenergy.com\/fr\/wp-json\/wp\/v2\/product"}],"about":[{"href":"https:\/\/barbillonenergy.com\/fr\/wp-json\/wp\/v2\/types\/product"}],"wp:featuredmedia":[{"embeddable":true,"href":"https:\/\/barbillonenergy.com\/fr\/wp-json\/wp\/v2\/media\/9491"}],"wp:attachment":[{"href":"https:\/\/barbillonenergy.com\/fr\/wp-json\/wp\/v2\/media?parent=5540"}],"wp:term":[{"taxonomy":"product_cat","embeddable":true,"href":"https:\/\/barbillonenergy.com\/fr\/wp-json\/wp\/v2\/product_cat?post=5540"},{"taxonomy":"product_tag","embeddable":true,"href":"https:\/\/barbillonenergy.com\/fr\/wp-json\/wp\/v2\/product_tag?post=5540"}],"curies":[{"name":"wp","href":"https:\/\/api.w.org\/{rel}","templated":true}]}}