{"id":9707,"date":"2023-05-10T12:33:21","date_gmt":"2023-05-10T12:33:21","guid":{"rendered":"https:\/\/barbillonenergy.com\/es\/?post_type=product&#038;p=9707"},"modified":"2023-05-10T12:33:21","modified_gmt":"2023-05-10T12:33:21","slug":"cargadores-rectificadores","status":"publish","type":"product","link":"https:\/\/barbillonenergy.com\/es\/product\/cargadores-rectificadores\/","title":{"rendered":"Cargadores rectificadores"},"content":{"rendered":"","protected":false},"excerpt":{"rendered":"<p><span style=\"font-weight: 400;\">El recificador es un convertidor de energia de uso industrial dise\u00f1ado para asegurar una entrega de corriente constante en asociaci\u00f3n con las bater\u00edas.<\/span><\/p>\n<p><span style=\"font-weight: 400;\">Podemos entregar sistemas desde 24VDC hasta 220VDC con corriente de hasta 1000A.<\/span><\/p>\n<p><span style=\"font-weight: 400;\">Los equipos se instalan dentro de gabinetes fabricados de acuerdo a los est\u00e1ndares IEC vigentes.<\/span><\/p>\n","protected":false},"featured_media":9708,"template":"","meta":[],"product_cat":[57],"product_tag":[],"_links":{"self":[{"href":"https:\/\/barbillonenergy.com\/es\/wp-json\/wp\/v2\/product\/9707"}],"collection":[{"href":"https:\/\/barbillonenergy.com\/es\/wp-json\/wp\/v2\/product"}],"about":[{"href":"https:\/\/barbillonenergy.com\/es\/wp-json\/wp\/v2\/types\/product"}],"wp:featuredmedia":[{"embeddable":true,"href":"https:\/\/barbillonenergy.com\/es\/wp-json\/wp\/v2\/media\/9708"}],"wp:attachment":[{"href":"https:\/\/barbillonenergy.com\/es\/wp-json\/wp\/v2\/media?parent=9707"}],"wp:term":[{"taxonomy":"product_cat","embeddable":true,"href":"https:\/\/barbillonenergy.com\/es\/wp-json\/wp\/v2\/product_cat?post=9707"},{"taxonomy":"product_tag","embeddable":true,"href":"https:\/\/barbillonenergy.com\/es\/wp-json\/wp\/v2\/product_tag?post=9707"}],"curies":[{"name":"wp","href":"https:\/\/api.w.org\/{rel}","templated":true}]}}