{"id":9705,"date":"2023-05-10T12:32:18","date_gmt":"2023-05-10T12:32:18","guid":{"rendered":"https:\/\/barbillonenergy.com\/es\/?post_type=product&#038;p=9705"},"modified":"2023-05-10T12:35:01","modified_gmt":"2023-05-10T12:35:01","slug":"ups","status":"publish","type":"product","link":"https:\/\/barbillonenergy.com\/es\/product\/ups\/","title":{"rendered":"UPS"},"content":{"rendered":"","protected":false},"excerpt":{"rendered":"<p>Uninterruptible Power Supply<\/p>\n<p><span style=\"font-weight: 400;\">Los UPS proveen energ\u00eda de emergencia cuando la fuente principal de alimentaci\u00f3n falla.\u00a0<\/span><\/p>\n<p><span style=\"font-weight: 400;\">La protecci\u00f3n es instant\u00e1nea gracias a la energ\u00eda almacenada dentro de las bater\u00edas.\u00a0<\/span><\/p>\n<p><span style=\"font-weight: 400;\">Se usan principalmente en IT, Data centers, centros de salud\u2026<\/span><\/p>\n<p><span style=\"font-weight: 400;\">Hay tres grandes tipos de UPS:<\/span><\/p>\n<p><span style=\"font-weight: 400;\">\u201cOffline\u201d, Line-Interactive\u201d y \u201cOn-line double conversion\u201d<\/span><\/p>\n","protected":false},"featured_media":9706,"template":"","meta":[],"product_cat":[57],"product_tag":[],"_links":{"self":[{"href":"https:\/\/barbillonenergy.com\/es\/wp-json\/wp\/v2\/product\/9705"}],"collection":[{"href":"https:\/\/barbillonenergy.com\/es\/wp-json\/wp\/v2\/product"}],"about":[{"href":"https:\/\/barbillonenergy.com\/es\/wp-json\/wp\/v2\/types\/product"}],"wp:featuredmedia":[{"embeddable":true,"href":"https:\/\/barbillonenergy.com\/es\/wp-json\/wp\/v2\/media\/9706"}],"wp:attachment":[{"href":"https:\/\/barbillonenergy.com\/es\/wp-json\/wp\/v2\/media?parent=9705"}],"wp:term":[{"taxonomy":"product_cat","embeddable":true,"href":"https:\/\/barbillonenergy.com\/es\/wp-json\/wp\/v2\/product_cat?post=9705"},{"taxonomy":"product_tag","embeddable":true,"href":"https:\/\/barbillonenergy.com\/es\/wp-json\/wp\/v2\/product_tag?post=9705"}],"curies":[{"name":"wp","href":"https:\/\/api.w.org\/{rel}","templated":true}]}}