{"id":9698,"date":"2023-05-10T12:28:02","date_gmt":"2023-05-10T12:28:02","guid":{"rendered":"https:\/\/barbillonenergy.com\/es\/?post_type=product&#038;p=9698"},"modified":"2023-05-10T12:28:02","modified_gmt":"2023-05-10T12:28:02","slug":"baterias-sopzs","status":"publish","type":"product","link":"https:\/\/barbillonenergy.com\/es\/product\/baterias-sopzs\/","title":{"rendered":"Baterias SOPzS"},"content":{"rendered":"<p>Las bater\u00edas SOPzS son dise\u00f1adas para proveer un respaldo seguro y fiable para aplicaciones solar.<br \/>\nLas caracter\u00edsticas de una bater\u00eda solar son diferentes a las caracter\u00edsticas de una bater\u00eda estacionaria cl\u00e1sica.<br \/>\nEn una instalaci\u00f3n solar, las bater\u00edas cargan energ\u00eda durante el d\u00eda, y el proceso de descarga sucede durante la noche.<br \/>\nLas bater\u00edas SOPzS son perfectas para largos ciclos de descarga gracias a sus separadores y aleaciones dise\u00f1ados para alargar la vida \u00fatil.<\/p>\n<p>Mantenimiento bajo<br \/>\nPosibilidad de relleno cada 15 a\u00f1o con los tapones de recombinaci\u00f3n de gases<br \/>\nPlaca positiva tubular<br \/>\n1500 ciclos @80%DoD<br \/>\nVasos SAN transparentes de alta resistencia y tapas de ABS<\/p>\n<p><img loading=\"lazy\" src=\"https:\/\/barbillonenergy.com\/es\/wp-content\/uploads\/2023\/05\/Capture-de\u0301cran-2023-03-09-a\u0300-08.07.11-300x118.png\" alt=\"\" width=\"300\" height=\"118\" class=\"alignnone size-medium wp-image-9700\" srcset=\"https:\/\/barbillonenergy.com\/es\/wp-content\/uploads\/2023\/05\/Capture-de\u0301cran-2023-03-09-a\u0300-08.07.11-300x118.png 300w, https:\/\/barbillonenergy.com\/es\/wp-content\/uploads\/2023\/05\/Capture-de\u0301cran-2023-03-09-a\u0300-08.07.11-1024x403.png 1024w, https:\/\/barbillonenergy.com\/es\/wp-content\/uploads\/2023\/05\/Capture-de\u0301cran-2023-03-09-a\u0300-08.07.11-768x303.png 768w, https:\/\/barbillonenergy.com\/es\/wp-content\/uploads\/2023\/05\/Capture-de\u0301cran-2023-03-09-a\u0300-08.07.11-1536x605.png 1536w, https:\/\/barbillonenergy.com\/es\/wp-content\/uploads\/2023\/05\/Capture-de\u0301cran-2023-03-09-a\u0300-08.07.11-870x343.png 870w, https:\/\/barbillonenergy.com\/es\/wp-content\/uploads\/2023\/05\/Capture-de\u0301cran-2023-03-09-a\u0300-08.07.11-640x252.png 640w, https:\/\/barbillonenergy.com\/es\/wp-content\/uploads\/2023\/05\/Capture-de\u0301cran-2023-03-09-a\u0300-08.07.11-480x189.png 480w, https:\/\/barbillonenergy.com\/es\/wp-content\/uploads\/2023\/05\/Capture-de\u0301cran-2023-03-09-a\u0300-08.07.11-550x217.png 550w, https:\/\/barbillonenergy.com\/es\/wp-content\/uploads\/2023\/05\/Capture-de\u0301cran-2023-03-09-a\u0300-08.07.11.png 1838w\" sizes=\"(max-width: 300px) 100vw, 300px\" \/><\/p>\n","protected":false},"excerpt":{"rendered":"<p><img loading=\"lazy\" src=\"https:\/\/barbillonenergy.com\/es\/wp-content\/uploads\/2023\/05\/Capture-de\u0301cran-2023-03-09-a\u0300-08.02.55-300x89.png\" alt=\"\" width=\"300\" height=\"89\" class=\"alignnone size-medium wp-image-9699\" srcset=\"https:\/\/barbillonenergy.com\/es\/wp-content\/uploads\/2023\/05\/Capture-de\u0301cran-2023-03-09-a\u0300-08.02.55-300x89.png 300w, https:\/\/barbillonenergy.com\/es\/wp-content\/uploads\/2023\/05\/Capture-de\u0301cran-2023-03-09-a\u0300-08.02.55-1024x302.png 1024w, https:\/\/barbillonenergy.com\/es\/wp-content\/uploads\/2023\/05\/Capture-de\u0301cran-2023-03-09-a\u0300-08.02.55-768x227.png 768w, https:\/\/barbillonenergy.com\/es\/wp-content\/uploads\/2023\/05\/Capture-de\u0301cran-2023-03-09-a\u0300-08.02.55-1536x454.png 1536w, https:\/\/barbillonenergy.com\/es\/wp-content\/uploads\/2023\/05\/Capture-de\u0301cran-2023-03-09-a\u0300-08.02.55-870x257.png 870w, https:\/\/barbillonenergy.com\/es\/wp-content\/uploads\/2023\/05\/Capture-de\u0301cran-2023-03-09-a\u0300-08.02.55-640x189.png 640w, https:\/\/barbillonenergy.com\/es\/wp-content\/uploads\/2023\/05\/Capture-de\u0301cran-2023-03-09-a\u0300-08.02.55-480x142.png 480w, https:\/\/barbillonenergy.com\/es\/wp-content\/uploads\/2023\/05\/Capture-de\u0301cran-2023-03-09-a\u0300-08.02.55-550x162.png 550w, https:\/\/barbillonenergy.com\/es\/wp-content\/uploads\/2023\/05\/Capture-de\u0301cran-2023-03-09-a\u0300-08.02.55.png 1978w\" sizes=\"(max-width: 300px) 100vw, 300px\" \/><\/p>\n<p>Bater\u00edas con electrolito l\u00edquido especialmente dise\u00f1adas para un uso solar<\/p>\n","protected":false},"featured_media":9510,"template":"","meta":[],"product_cat":[57],"product_tag":[],"_links":{"self":[{"href":"https:\/\/barbillonenergy.com\/es\/wp-json\/wp\/v2\/product\/9698"}],"collection":[{"href":"https:\/\/barbillonenergy.com\/es\/wp-json\/wp\/v2\/product"}],"about":[{"href":"https:\/\/barbillonenergy.com\/es\/wp-json\/wp\/v2\/types\/product"}],"wp:featuredmedia":[{"embeddable":true,"href":"https:\/\/barbillonenergy.com\/es\/wp-json\/wp\/v2\/media\/9510"}],"wp:attachment":[{"href":"https:\/\/barbillonenergy.com\/es\/wp-json\/wp\/v2\/media?parent=9698"}],"wp:term":[{"taxonomy":"product_cat","embeddable":true,"href":"https:\/\/barbillonenergy.com\/es\/wp-json\/wp\/v2\/product_cat?post=9698"},{"taxonomy":"product_tag","embeddable":true,"href":"https:\/\/barbillonenergy.com\/es\/wp-json\/wp\/v2\/product_tag?post=9698"}],"curies":[{"name":"wp","href":"https:\/\/api.w.org\/{rel}","templated":true}]}}