{"id":9339,"date":"2022-04-05T05:45:02","date_gmt":"2022-04-05T05:45:02","guid":{"rendered":"https:\/\/barbillon.sandracaballerodesign.com\/?post_type=product&#038;p=9339"},"modified":"2023-03-29T07:58:40","modified_gmt":"2023-03-29T07:58:40","slug":"gel-agm-bloc-batteries","status":"publish","type":"product","link":"https:\/\/barbillonenergy.com\/es\/product\/gel-agm-bloc-batteries\/","title":{"rendered":"Bater\u00edas de Gel\/AGM"},"content":{"rendered":"","protected":false},"excerpt":{"rendered":"<p><img loading=\"lazy\" src=\"https:\/\/barbillonenergy.com\/es\/wp-content\/uploads\/2022\/04\/Capture-de\u0301cran-2023-03-29-a\u0300-09.57.17.png\" alt=\"\" width=\"962\" height=\"282\" class=\"alignnone wp-image-9677 size-full\" srcset=\"https:\/\/barbillonenergy.com\/es\/wp-content\/uploads\/2022\/04\/Capture-de\u0301cran-2023-03-29-a\u0300-09.57.17.png 962w, https:\/\/barbillonenergy.com\/es\/wp-content\/uploads\/2022\/04\/Capture-de\u0301cran-2023-03-29-a\u0300-09.57.17-300x88.png 300w, https:\/\/barbillonenergy.com\/es\/wp-content\/uploads\/2022\/04\/Capture-de\u0301cran-2023-03-29-a\u0300-09.57.17-768x225.png 768w, https:\/\/barbillonenergy.com\/es\/wp-content\/uploads\/2022\/04\/Capture-de\u0301cran-2023-03-29-a\u0300-09.57.17-870x255.png 870w, https:\/\/barbillonenergy.com\/es\/wp-content\/uploads\/2022\/04\/Capture-de\u0301cran-2023-03-29-a\u0300-09.57.17-640x188.png 640w, https:\/\/barbillonenergy.com\/es\/wp-content\/uploads\/2022\/04\/Capture-de\u0301cran-2023-03-29-a\u0300-09.57.17-480x141.png 480w, https:\/\/barbillonenergy.com\/es\/wp-content\/uploads\/2022\/04\/Capture-de\u0301cran-2023-03-29-a\u0300-09.57.17-550x161.png 550w\" sizes=\"(max-width: 962px) 100vw, 962px\" \/><\/p>\n<p class=\"p1\">Las bater\u00edas de \u00e1cido plomo VRLA (reguladas por v\u00e1lvulas) han sido desarrolladas para ser una soluci\u00f3n confiable en fuente de energ\u00eda para todo tipo de aplicaciones de respaldo (solar, e\u00f3lica, plataformas petroleras y m\u00e1s).<\/p>\n<p class=\"p1\">La v\u00e1lvula permite regular la presi\u00f3n interna y garantiza la integridad del producto.<\/p>\n<p class=\"p1\">100% libre de mantenimiento, con capacidad desde 33Ah hasta 200Ah.<span class=\"c-mrkdwn__br\" data-stringify-type=\"paragraph-break\"><\/span><\/p>\n","protected":false},"featured_media":9391,"template":"","meta":[],"product_cat":[57],"product_tag":[],"_links":{"self":[{"href":"https:\/\/barbillonenergy.com\/es\/wp-json\/wp\/v2\/product\/9339"}],"collection":[{"href":"https:\/\/barbillonenergy.com\/es\/wp-json\/wp\/v2\/product"}],"about":[{"href":"https:\/\/barbillonenergy.com\/es\/wp-json\/wp\/v2\/types\/product"}],"wp:featuredmedia":[{"embeddable":true,"href":"https:\/\/barbillonenergy.com\/es\/wp-json\/wp\/v2\/media\/9391"}],"wp:attachment":[{"href":"https:\/\/barbillonenergy.com\/es\/wp-json\/wp\/v2\/media?parent=9339"}],"wp:term":[{"taxonomy":"product_cat","embeddable":true,"href":"https:\/\/barbillonenergy.com\/es\/wp-json\/wp\/v2\/product_cat?post=9339"},{"taxonomy":"product_tag","embeddable":true,"href":"https:\/\/barbillonenergy.com\/es\/wp-json\/wp\/v2\/product_tag?post=9339"}],"curies":[{"name":"wp","href":"https:\/\/api.w.org\/{rel}","templated":true}]}}