{"id":9338,"date":"2022-04-05T05:44:39","date_gmt":"2022-04-05T05:44:39","guid":{"rendered":"https:\/\/barbillon.sandracaballerodesign.com\/?post_type=product&#038;p=9338"},"modified":"2023-03-29T08:00:37","modified_gmt":"2023-03-29T08:00:37","slug":"lithium-batteries","status":"publish","type":"product","link":"https:\/\/barbillonenergy.com\/es\/product\/lithium-batteries\/","title":{"rendered":"Bater\u00edas de litio"},"content":{"rendered":"","protected":false},"excerpt":{"rendered":"<p><img loading=\"lazy\" src=\"https:\/\/barbillonenergy.com\/es\/wp-content\/uploads\/2022\/04\/Capture-de\u0301cran-2023-03-29-a\u0300-09.58.53.png\" alt=\"\" width=\"960\" height=\"284\" class=\"alignnone wp-image-9678 size-full\" srcset=\"https:\/\/barbillonenergy.com\/es\/wp-content\/uploads\/2022\/04\/Capture-de\u0301cran-2023-03-29-a\u0300-09.58.53.png 960w, https:\/\/barbillonenergy.com\/es\/wp-content\/uploads\/2022\/04\/Capture-de\u0301cran-2023-03-29-a\u0300-09.58.53-300x89.png 300w, https:\/\/barbillonenergy.com\/es\/wp-content\/uploads\/2022\/04\/Capture-de\u0301cran-2023-03-29-a\u0300-09.58.53-768x227.png 768w, https:\/\/barbillonenergy.com\/es\/wp-content\/uploads\/2022\/04\/Capture-de\u0301cran-2023-03-29-a\u0300-09.58.53-870x257.png 870w, https:\/\/barbillonenergy.com\/es\/wp-content\/uploads\/2022\/04\/Capture-de\u0301cran-2023-03-29-a\u0300-09.58.53-640x189.png 640w, https:\/\/barbillonenergy.com\/es\/wp-content\/uploads\/2022\/04\/Capture-de\u0301cran-2023-03-29-a\u0300-09.58.53-480x142.png 480w, https:\/\/barbillonenergy.com\/es\/wp-content\/uploads\/2022\/04\/Capture-de\u0301cran-2023-03-29-a\u0300-09.58.53-550x163.png 550w\" sizes=\"(max-width: 960px) 100vw, 960px\" \/><\/p>\n<p class=\"p1\">Disponible en 12v,24v 48V, en blocs standard o formato de 19 pulgadas (racks)<\/p>\n<p class=\"p1\">En un mundo donde la energ\u00eda limpia se ha convertido en una necesidad, las bater\u00edas de litio ofrecen una alternativa a las dem\u00e1s tecnolog\u00edas.<\/p>\n<p class=\"p1\">100% libre de mantenimiento, seguras, con un rendimiento y una vida \u00fatil superior.<span class=\"Apple-converted-space\">\u00a0<\/span><\/p>\n<p class=\"p1\">Todas las bater\u00edas cuentan con un BMS (battery management system) regulando los par\u00e1metros y garantizando la vida \u00fatil del equipo.<\/p>\n","protected":false},"featured_media":9681,"template":"","meta":[],"product_cat":[57],"product_tag":[],"_links":{"self":[{"href":"https:\/\/barbillonenergy.com\/es\/wp-json\/wp\/v2\/product\/9338"}],"collection":[{"href":"https:\/\/barbillonenergy.com\/es\/wp-json\/wp\/v2\/product"}],"about":[{"href":"https:\/\/barbillonenergy.com\/es\/wp-json\/wp\/v2\/types\/product"}],"wp:featuredmedia":[{"embeddable":true,"href":"https:\/\/barbillonenergy.com\/es\/wp-json\/wp\/v2\/media\/9681"}],"wp:attachment":[{"href":"https:\/\/barbillonenergy.com\/es\/wp-json\/wp\/v2\/media?parent=9338"}],"wp:term":[{"taxonomy":"product_cat","embeddable":true,"href":"https:\/\/barbillonenergy.com\/es\/wp-json\/wp\/v2\/product_cat?post=9338"},{"taxonomy":"product_tag","embeddable":true,"href":"https:\/\/barbillonenergy.com\/es\/wp-json\/wp\/v2\/product_tag?post=9338"}],"curies":[{"name":"wp","href":"https:\/\/api.w.org\/{rel}","templated":true}]}}