{"id":9334,"date":"2022-04-05T05:42:20","date_gmt":"2022-04-05T05:42:20","guid":{"rendered":"https:\/\/barbillon.sandracaballerodesign.com\/?post_type=product&#038;p=9334"},"modified":"2023-07-20T03:51:15","modified_gmt":"2023-07-20T03:51:15","slug":"lithium-ion-forklift-batteries","status":"publish","type":"product","link":"https:\/\/barbillonenergy.com\/es\/product\/lithium-ion-forklift-batteries\/","title":{"rendered":"Bater\u00edas de Iones de litio."},"content":{"rendered":"<h4 style=\"text-align: center;\">LiFePo4 Chemistry<\/h4>\n<div class=\"bauer-text clearfix text-center\">\n<p class=\"p1\" style=\"text-align: center; max-width: 500px; margin: auto;\"><span class=\"s1\"> Hemos seleccionado el litio hierro fosfato como componente principal de nuestros m\u00f3dulos por su estabilidad tanto en rendimiento como en temperatura, asi como su bajo impacto ambiental.<\/span><\/p>\n<p>&nbsp;<\/p>\n<p><img loading=\"lazy\" src=\"https:\/\/barbillon.sandracaballerodesign.com\/wp-content\/uploads\/2022\/04\/lift-2-1200x384-1-1024x328.png\" alt=\"\" width=\"1024\" height=\"328\" class=\"alignnone wp-image-9423 size-large\" srcset=\"https:\/\/barbillonenergy.com\/es\/wp-content\/uploads\/2022\/04\/lift-2-1200x384-1-1024x328.png 1024w, https:\/\/barbillonenergy.com\/es\/wp-content\/uploads\/2022\/04\/lift-2-1200x384-1-300x96.png 300w, https:\/\/barbillonenergy.com\/es\/wp-content\/uploads\/2022\/04\/lift-2-1200x384-1-768x246.png 768w, https:\/\/barbillonenergy.com\/es\/wp-content\/uploads\/2022\/04\/lift-2-1200x384-1-870x278.png 870w, https:\/\/barbillonenergy.com\/es\/wp-content\/uploads\/2022\/04\/lift-2-1200x384-1-640x205.png 640w, https:\/\/barbillonenergy.com\/es\/wp-content\/uploads\/2022\/04\/lift-2-1200x384-1-480x154.png 480w, https:\/\/barbillonenergy.com\/es\/wp-content\/uploads\/2022\/04\/lift-2-1200x384-1-550x176.png 550w, https:\/\/barbillonenergy.com\/es\/wp-content\/uploads\/2022\/04\/lift-2-1200x384-1.png 1200w\" sizes=\"(max-width: 1024px) 100vw, 1024px\" \/><\/p>\n<p>&nbsp;<\/p>\n<p style=\"text-align: center; max-width: 500px; margin: auto;\"><span>Las bater\u00edas de litio permiten a nuestros clientes trabajar bajo condiciones demandantes de actividad, gracias al hecho de poder trabajar con una sola bater\u00eda durante hasta 3 turnos con un sistema de cargas de oportunidad que no afecta el rendimiento de la bater\u00eda.<\/span><\/p>\n<\/div>\n<p>&nbsp;<\/p>\n<h6 class=\"bauer-single-heading clearfix \"><span class=\"inner\"><span class=\"heading clearfix accent\">FEATURES<\/span><\/span><\/h6>\n<h6 class=\"bauer-single-heading clearfix \">High quality products<\/h6>\n<ul>\n<li>\n<p class=\"p1\">Compatible con cualquier marca y tipo de montacargas, sistema plug and play, solo enchufa la bater\u00eda de Iones de litio Barbillon y empieza a trabajar!<\/p>\n<\/li>\n<li>\n<p class=\"p1\">Una sola bater\u00eda por montacargas, sin necesidad de desconectar la bater\u00eda para cargarla, gracias a un sistema de doble conector (uno para la carga, uno para la descarga)<\/p>\n<\/li>\n<li>\n<p class=\"p1\">Operaciones 24\/7 gracias a un sistema de cargas de oportunidad\/cargas r\u00e1pidas<\/p>\n<\/li>\n<li>\n<p class=\"p1\">Sin necesidad de cuarto de bater\u00edas, no m\u00e1s tiempo perdido en cambios de bater\u00edas<\/p>\n<\/li>\n<li>\n<p class=\"p1\">100% libre de mantenimiento<\/p>\n<\/li>\n<li>\n<p class=\"p1\">Sin emanaciones<\/p>\n<\/li>\n<li>\n<p class=\"p1\">R\u00e1pido retorno de su inversi\u00f3n<\/p>\n<\/li>\n<li>\n<p class=\"p1\">Pantalla externa LCD con alarmas visual y auditivas<\/p>\n<\/li>\n<li>\n<p class=\"p1\">Totalmente segura, todas nuestras bater\u00edas son equipadas con un BMS (battery management system) el cual monitorea constantemente los par\u00e1metros como voltaje, corriente y temperatura.<img loading=\"lazy\" src=\"https:\/\/barbillon.sandracaballerodesign.com\/wp-content\/uploads\/2022\/04\/Screen-Shot-2022-04-27-at-20.37.44-1024x789.png\" alt=\"\" width=\"800\" height=\"617\" class=\"aligncenter wp-image-9442\" srcset=\"https:\/\/barbillonenergy.com\/es\/wp-content\/uploads\/2022\/04\/Screen-Shot-2022-04-27-at-20.37.44-1024x789.png 1024w, https:\/\/barbillonenergy.com\/es\/wp-content\/uploads\/2022\/04\/Screen-Shot-2022-04-27-at-20.37.44-300x231.png 300w, https:\/\/barbillonenergy.com\/es\/wp-content\/uploads\/2022\/04\/Screen-Shot-2022-04-27-at-20.37.44-768x592.png 768w, https:\/\/barbillonenergy.com\/es\/wp-content\/uploads\/2022\/04\/Screen-Shot-2022-04-27-at-20.37.44-1536x1184.png 1536w, https:\/\/barbillonenergy.com\/es\/wp-content\/uploads\/2022\/04\/Screen-Shot-2022-04-27-at-20.37.44-870x670.png 870w, https:\/\/barbillonenergy.com\/es\/wp-content\/uploads\/2022\/04\/Screen-Shot-2022-04-27-at-20.37.44-640x493.png 640w, https:\/\/barbillonenergy.com\/es\/wp-content\/uploads\/2022\/04\/Screen-Shot-2022-04-27-at-20.37.44-480x370.png 480w, https:\/\/barbillonenergy.com\/es\/wp-content\/uploads\/2022\/04\/Screen-Shot-2022-04-27-at-20.37.44-550x424.png 550w, https:\/\/barbillonenergy.com\/es\/wp-content\/uploads\/2022\/04\/Screen-Shot-2022-04-27-at-20.37.44.png 1622w\" sizes=\"(max-width: 800px) 100vw, 800px\" \/><\/p>\n<\/li>\n<\/ul>\n<div class=\"bauer-content-box clearfix\">\n<div class=\"vc-custom-col-inner-spacing clearfix vc-col-inner-spacing-65\">\n<div class=\"wpb_row vc_inner vc_row-fluid\">\n<div class=\"wpb_column vc_column_container vc_col-sm-6\">\n<div class=\"vc_column-inner\">\n<div class=\"wpb_wrapper\"><\/div>\n<\/div>\n<\/div>\n<\/div>\n<\/div>\n<\/div>\n","protected":false},"excerpt":{"rendered":"<p><img loading=\"lazy\" src=\"https:\/\/barbillonenergy.com\/es\/wp-content\/uploads\/2022\/04\/Capture-de\u0301cran-2023-03-29-a\u0300-09.38.11-300x155.png\" alt=\"\" width=\"300\" height=\"155\" class=\"alignnone size-medium wp-image-9675\" srcset=\"https:\/\/barbillonenergy.com\/es\/wp-content\/uploads\/2022\/04\/Capture-de\u0301cran-2023-03-29-a\u0300-09.38.11-300x155.png 300w, https:\/\/barbillonenergy.com\/es\/wp-content\/uploads\/2022\/04\/Capture-de\u0301cran-2023-03-29-a\u0300-09.38.11-1024x529.png 1024w, https:\/\/barbillonenergy.com\/es\/wp-content\/uploads\/2022\/04\/Capture-de\u0301cran-2023-03-29-a\u0300-09.38.11-768x397.png 768w, https:\/\/barbillonenergy.com\/es\/wp-content\/uploads\/2022\/04\/Capture-de\u0301cran-2023-03-29-a\u0300-09.38.11-1536x794.png 1536w, https:\/\/barbillonenergy.com\/es\/wp-content\/uploads\/2022\/04\/Capture-de\u0301cran-2023-03-29-a\u0300-09.38.11-870x450.png 870w, https:\/\/barbillonenergy.com\/es\/wp-content\/uploads\/2022\/04\/Capture-de\u0301cran-2023-03-29-a\u0300-09.38.11-640x331.png 640w, https:\/\/barbillonenergy.com\/es\/wp-content\/uploads\/2022\/04\/Capture-de\u0301cran-2023-03-29-a\u0300-09.38.11-480x248.png 480w, https:\/\/barbillonenergy.com\/es\/wp-content\/uploads\/2022\/04\/Capture-de\u0301cran-2023-03-29-a\u0300-09.38.11-550x284.png 550w, https:\/\/barbillonenergy.com\/es\/wp-content\/uploads\/2022\/04\/Capture-de\u0301cran-2023-03-29-a\u0300-09.38.11.png 1992w\" sizes=\"(max-width: 300px) 100vw, 300px\" \/><\/p>\n<p class=\"p1\">Cambia ya a la tecnolog\u00eda litio!<\/p>\n<p class=\"p1\">\u00a1Aumenta tu productividad y ya no pares tus operaciones!<\/p>\n<p class=\"p1\">Nuestras bater\u00edas de Iones de litio han sido desarrolladas y dise\u00f1adas para ser 100% seguras, reducir los costos de mantenimiento e incrementar la productividad de las \u00e1reas log\u00edsticas.<\/p>\n<p class=\"p1\">100% libre de mantenimiento, m\u00e1s de 6500 ciclos de vida \u00fatil, empieza f\u00e1cilmente a trabajar con las bater\u00edas de litio Barbillon.<span class=\"Apple-converted-space\">\u00a0<\/span><\/p>\n<p><img loading=\"lazy\" src=\"https:\/\/barbillonenergy.com\/es\/wp-content\/uploads\/2022\/04\/Capture-de\u0301cran-2023-03-29-a\u0300-09.38.53-295x300.png\" alt=\"\" width=\"295\" height=\"300\" class=\"alignnone size-medium wp-image-9676\" srcset=\"https:\/\/barbillonenergy.com\/es\/wp-content\/uploads\/2022\/04\/Capture-de\u0301cran-2023-03-29-a\u0300-09.38.53-295x300.png 295w, https:\/\/barbillonenergy.com\/es\/wp-content\/uploads\/2022\/04\/Capture-de\u0301cran-2023-03-29-a\u0300-09.38.53-640x652.png 640w, https:\/\/barbillonenergy.com\/es\/wp-content\/uploads\/2022\/04\/Capture-de\u0301cran-2023-03-29-a\u0300-09.38.53-480x489.png 480w, https:\/\/barbillonenergy.com\/es\/wp-content\/uploads\/2022\/04\/Capture-de\u0301cran-2023-03-29-a\u0300-09.38.53-550x560.png 550w, https:\/\/barbillonenergy.com\/es\/wp-content\/uploads\/2022\/04\/Capture-de\u0301cran-2023-03-29-a\u0300-09.38.53.png 666w\" sizes=\"(max-width: 295px) 100vw, 295px\" \/><\/p>\n<p>[vc_btn title=\u00bbDescargar PDF\u00bb color=\u00bbdanger\u00bb align=\u00bbcenter\u00bb link=\u00bburl:https%3A%2F%2Fbarbillonenergy.com%2Fes%2Fwp-content%2Fuploads%2F2023%2F07%2Fcatalogo-traccion_litio-esp.pdf|target:_blank\u00bb]<\/p>\n","protected":false},"featured_media":9407,"template":"","meta":[],"product_cat":[56],"product_tag":[],"_links":{"self":[{"href":"https:\/\/barbillonenergy.com\/es\/wp-json\/wp\/v2\/product\/9334"}],"collection":[{"href":"https:\/\/barbillonenergy.com\/es\/wp-json\/wp\/v2\/product"}],"about":[{"href":"https:\/\/barbillonenergy.com\/es\/wp-json\/wp\/v2\/types\/product"}],"wp:featuredmedia":[{"embeddable":true,"href":"https:\/\/barbillonenergy.com\/es\/wp-json\/wp\/v2\/media\/9407"}],"wp:attachment":[{"href":"https:\/\/barbillonenergy.com\/es\/wp-json\/wp\/v2\/media?parent=9334"}],"wp:term":[{"taxonomy":"product_cat","embeddable":true,"href":"https:\/\/barbillonenergy.com\/es\/wp-json\/wp\/v2\/product_cat?post=9334"},{"taxonomy":"product_tag","embeddable":true,"href":"https:\/\/barbillonenergy.com\/es\/wp-json\/wp\/v2\/product_tag?post=9334"}],"curies":[{"name":"wp","href":"https:\/\/api.w.org\/{rel}","templated":true}]}}