{"id":5540,"date":"2019-02-24T06:00:26","date_gmt":"2019-02-24T06:00:26","guid":{"rendered":"http:\/\/ninzio.com\/bauer\/?post_type=product&#038;p=5540"},"modified":"2023-09-26T10:24:03","modified_gmt":"2023-09-26T10:24:03","slug":"lead-acid-forklift-batteries","status":"publish","type":"product","link":"https:\/\/barbillonenergy.com\/es\/product\/lead-acid-forklift-batteries\/","title":{"rendered":"Bater\u00edas de \u00e1cido plomo de placa positiva tubular 100% Europeas."},"content":{"rendered":"<p><img loading=\"lazy\" src=\"https:\/\/barbillonenergy.com\/es\/wp-content\/uploads\/2019\/02\/Capture-de\u0301cran-2023-03-09-a\u0300-08.12.43.png\" alt=\"\" width=\"1986\" height=\"592\" class=\"alignnone wp-image-9686 size-full\" srcset=\"https:\/\/barbillonenergy.com\/es\/wp-content\/uploads\/2019\/02\/Capture-de\u0301cran-2023-03-09-a\u0300-08.12.43.png 1986w, https:\/\/barbillonenergy.com\/es\/wp-content\/uploads\/2019\/02\/Capture-de\u0301cran-2023-03-09-a\u0300-08.12.43-300x89.png 300w, https:\/\/barbillonenergy.com\/es\/wp-content\/uploads\/2019\/02\/Capture-de\u0301cran-2023-03-09-a\u0300-08.12.43-1024x305.png 1024w, https:\/\/barbillonenergy.com\/es\/wp-content\/uploads\/2019\/02\/Capture-de\u0301cran-2023-03-09-a\u0300-08.12.43-768x229.png 768w, https:\/\/barbillonenergy.com\/es\/wp-content\/uploads\/2019\/02\/Capture-de\u0301cran-2023-03-09-a\u0300-08.12.43-1536x458.png 1536w, https:\/\/barbillonenergy.com\/es\/wp-content\/uploads\/2019\/02\/Capture-de\u0301cran-2023-03-09-a\u0300-08.12.43-870x259.png 870w, https:\/\/barbillonenergy.com\/es\/wp-content\/uploads\/2019\/02\/Capture-de\u0301cran-2023-03-09-a\u0300-08.12.43-640x191.png 640w, https:\/\/barbillonenergy.com\/es\/wp-content\/uploads\/2019\/02\/Capture-de\u0301cran-2023-03-09-a\u0300-08.12.43-480x143.png 480w, https:\/\/barbillonenergy.com\/es\/wp-content\/uploads\/2019\/02\/Capture-de\u0301cran-2023-03-09-a\u0300-08.12.43-550x164.png 550w\" sizes=\"(max-width: 1986px) 100vw, 1986px\" \/><\/p>\n<p class=\"p1\">Nuestras bater\u00edas son fabricadas con componentes de la m\u00e1s alta calidad y tecnolog\u00eda.<\/p>\n<p class=\"p1\">Celdas positivas tubulares y puentes interceldas de cobre aislado, lo cual reduce los riesgos de cortocircuito y facilita el mantenimiento, as\u00ed como garantiza un rendimiento superior y una baja autodescarga.<\/p>\n<p class=\"p1\">Contenedores en polipropileno resistentes a altas y bajas temperaturas.<\/p>\n<p class=\"p1\">Cajones cubiertos con polipropileno resistentes a la corrosi\u00f3n, con una protecci\u00f3n adicional contra las descargas el\u00e9ctricas.<\/p>\n<p>Construcci\u00f3n<\/p>\n<p><span style=\"font-weight: 400;\">Placa positiva tubular, guante tejido de poli\u00e9ster y cuadr\u00edcula s\u00f3lida anticorrosiva.<\/span><\/p>\n<p><span style=\"font-weight: 400;\">Las placas tubulares permiten entregar una corriente consistente y confiable, gracias a un dise\u00f1o y una construcci\u00f3n que impiden el desprendimiento de la materia activa.<\/span><\/p>\n<p><span style=\"font-weight: 400;\">Separadores con baja resistencia el\u00e9ctrica resistentes al \u00e1cido.\u00a0<\/span><\/p>\n<p><span style=\"font-weight: 400;\">Terminales resistentes a la corrosi\u00f3n.<\/span><\/p>\n<p><span style=\"font-weight: 400;\">Contenedores y tapas termoselladas.<\/span><\/p>\n<p><span style=\"font-weight: 400;\">Placas negativas envueltas para impedir el desprendimiento del material activo.<\/span><\/p>\n<p><span style=\"font-weight: 400;\">Conectores flexibles de cobre con tornillos totalmente aislados.<\/span><\/p>\n<p><span style=\"font-weight: 400;\">Tap\u00f3n a presi\u00f3n con canastilla e indicador de nivel de electrolito para un r\u00e1pida medici\u00f3n de densidad.<\/span><\/p>\n<p><br style=\"font-weight: 400;\" \/><br style=\"font-weight: 400;\" \/><\/p>\n","protected":false},"excerpt":{"rendered":"<p><img loading=\"lazy\" src=\"https:\/\/barbillonenergy.com\/es\/wp-content\/uploads\/2019\/02\/Capture-de\u0301cran-2023-03-29-a\u0300-10.04.32.png\" alt=\"\" width=\"970\" height=\"286\" class=\"alignnone wp-image-9687 size-full\" srcset=\"https:\/\/barbillonenergy.com\/es\/wp-content\/uploads\/2019\/02\/Capture-de\u0301cran-2023-03-29-a\u0300-10.04.32.png 970w, https:\/\/barbillonenergy.com\/es\/wp-content\/uploads\/2019\/02\/Capture-de\u0301cran-2023-03-29-a\u0300-10.04.32-300x88.png 300w, https:\/\/barbillonenergy.com\/es\/wp-content\/uploads\/2019\/02\/Capture-de\u0301cran-2023-03-29-a\u0300-10.04.32-768x226.png 768w, https:\/\/barbillonenergy.com\/es\/wp-content\/uploads\/2019\/02\/Capture-de\u0301cran-2023-03-29-a\u0300-10.04.32-870x257.png 870w, https:\/\/barbillonenergy.com\/es\/wp-content\/uploads\/2019\/02\/Capture-de\u0301cran-2023-03-29-a\u0300-10.04.32-640x189.png 640w, https:\/\/barbillonenergy.com\/es\/wp-content\/uploads\/2019\/02\/Capture-de\u0301cran-2023-03-29-a\u0300-10.04.32-480x142.png 480w, https:\/\/barbillonenergy.com\/es\/wp-content\/uploads\/2019\/02\/Capture-de\u0301cran-2023-03-29-a\u0300-10.04.32-550x162.png 550w\" sizes=\"(max-width: 970px) 100vw, 970px\" \/><\/p>\n<p class=\"p1\"><b>Battery Features<\/b><\/p>\n<p>Ensambladas con orgullo en nuestros talleres en Francia!<\/p>\n<p class=\"p1\">Disponible en cualquier voltaje y configuraci\u00f3n.<\/p>\n<p class=\"p1\">Contamos con un amplio rango de accesorios como sensores led, sistemas de relleno autom\u00e1tico.<\/p>\n<p class=\"p1\">Larga vida \u00fatil de 1500 ciclos seg\u00fan los est\u00e1ndares IEC 254.<span class=\"Apple-converted-space\">\u00a0<\/span><\/p>\n","protected":false},"featured_media":9491,"template":"","meta":[],"product_cat":[56],"product_tag":[],"_links":{"self":[{"href":"https:\/\/barbillonenergy.com\/es\/wp-json\/wp\/v2\/product\/5540"}],"collection":[{"href":"https:\/\/barbillonenergy.com\/es\/wp-json\/wp\/v2\/product"}],"about":[{"href":"https:\/\/barbillonenergy.com\/es\/wp-json\/wp\/v2\/types\/product"}],"wp:featuredmedia":[{"embeddable":true,"href":"https:\/\/barbillonenergy.com\/es\/wp-json\/wp\/v2\/media\/9491"}],"wp:attachment":[{"href":"https:\/\/barbillonenergy.com\/es\/wp-json\/wp\/v2\/media?parent=5540"}],"wp:term":[{"taxonomy":"product_cat","embeddable":true,"href":"https:\/\/barbillonenergy.com\/es\/wp-json\/wp\/v2\/product_cat?post=5540"},{"taxonomy":"product_tag","embeddable":true,"href":"https:\/\/barbillonenergy.com\/es\/wp-json\/wp\/v2\/product_tag?post=5540"}],"curies":[{"name":"wp","href":"https:\/\/api.w.org\/{rel}","templated":true}]}}